{"id":2995,"date":"2024-08-10T14:36:07","date_gmt":"2024-08-10T12:36:07","guid":{"rendered":"https:\/\/jgm.ovh\/?page_id=2995"},"modified":"2025-10-25T19:34:01","modified_gmt":"2025-10-25T17:34:01","slug":"accueil2","status":"publish","type":"page","link":"https:\/\/jgm.ovh\/","title":{"rendered":"Accueil"},"content":{"rendered":"<style>.kb-row-layout-id2995_e6d132-7e > .kt-row-column-wrap{align-content:start;}:where(.kb-row-layout-id2995_e6d132-7e > .kt-row-column-wrap) > .wp-block-kadence-column{justify-content:start;}.kb-row-layout-id2995_e6d132-7e > .kt-row-column-wrap{column-gap:var(--global-kb-gap-sm, 1rem);row-gap:var(--global-kb-gap-sm, 1rem);max-width:var( --global-content-width, 1290px );padding-left:var(--global-content-edge-padding);padding-right:var(--global-content-edge-padding);padding-top:var(--global-kb-spacing-sm, 1.5rem);padding-bottom:var(--global-kb-spacing-sm, 1.5rem);grid-template-columns:repeat(2, minmax(0, 1fr));}.kb-row-layout-id2995_e6d132-7e > .kt-row-layout-overlay{opacity:0.30;}@media all and (max-width: 1024px){.kb-row-layout-id2995_e6d132-7e > .kt-row-column-wrap{grid-template-columns:repeat(2, minmax(0, 1fr));}}@media all and (max-width: 767px){.kb-row-layout-id2995_e6d132-7e > .kt-row-column-wrap{grid-template-columns:minmax(0, 1fr);}}<\/style><div class=\"kb-row-layout-wrap kb-row-layout-id2995_e6d132-7e alignfull has-theme-palette9-background-color kt-row-has-bg wp-block-kadence-rowlayout\"><div class=\"kt-row-column-wrap kt-has-2-columns kt-row-layout-equal kt-tab-layout-inherit kt-mobile-layout-row kt-row-valign-top kt-inner-column-height-full kb-theme-content-width\">\n<style>.kadence-column2995_0b0f8e-60 > .kt-inside-inner-col{display:flex;}.kadence-column2995_0b0f8e-60 > .kt-inside-inner-col,.kadence-column2995_0b0f8e-60 > .kt-inside-inner-col:before{border-top-left-radius:0px;border-top-right-radius:0px;border-bottom-right-radius:0px;border-bottom-left-radius:0px;}.kadence-column2995_0b0f8e-60 > .kt-inside-inner-col{row-gap:var(--global-kb-gap-sm, 1rem);column-gap:var(--global-kb-gap-sm, 1rem);}.kadence-column2995_0b0f8e-60 > .kt-inside-inner-col{flex-direction:column;}.kadence-column2995_0b0f8e-60 > .kt-inside-inner-col > .aligncenter{width:100%;}.kadence-column2995_0b0f8e-60 > .kt-inside-inner-col:before{opacity:0.3;}.kadence-column2995_0b0f8e-60{position:relative;}@media all and (max-width: 1024px){.kadence-column2995_0b0f8e-60 > .kt-inside-inner-col{flex-direction:column;justify-content:center;}}@media all and (max-width: 767px){.kadence-column2995_0b0f8e-60 > .kt-inside-inner-col{flex-direction:column;justify-content:center;}}<\/style>\n<div class=\"wp-block-kadence-column kadence-column2995_0b0f8e-60\"><div class=\"kt-inside-inner-col\"><style>.kadence-column2995_4f6b7c-cf > .kt-inside-inner-col{display:flex;}.kadence-column2995_4f6b7c-cf > .kt-inside-inner-col{padding-top:var(--global-kb-spacing-sm, 1.5rem);padding-right:var(--global-kb-spacing-sm, 1.5rem);padding-bottom:0px;padding-left:var(--global-kb-spacing-sm, 1.5rem);}.kadence-column2995_4f6b7c-cf > .kt-inside-inner-col{min-height:320px;}.kadence-column2995_4f6b7c-cf > .kt-inside-inner-col,.kadence-column2995_4f6b7c-cf > .kt-inside-inner-col:before{border-top-left-radius:15px;border-top-right-radius:15px;border-bottom-right-radius:15px;border-bottom-left-radius:15px;}.kadence-column2995_4f6b7c-cf > .kt-inside-inner-col{column-gap:var(--global-kb-gap-sm, 1rem);}.kadence-column2995_4f6b7c-cf > .kt-inside-inner-col{flex-direction:column;justify-content:center;}.kadence-column2995_4f6b7c-cf > .kt-inside-inner-col > .aligncenter{width:100%;}.kt-row-column-wrap > .kadence-column2995_4f6b7c-cf{align-self:center;}.kt-inner-column-height-full:not(.kt-has-1-columns) > .wp-block-kadence-column.kadence-column2995_4f6b7c-cf{align-self:auto;}.kt-inner-column-height-full:not(.kt-has-1-columns) > .wp-block-kadence-column.kadence-column2995_4f6b7c-cf > .kt-inside-inner-col{flex-direction:column;justify-content:center;}.kadence-column2995_4f6b7c-cf > .kt-inside-inner-col{background-color:var(--global-palette8, #F7FAFC);}.kadence-column2995_4f6b7c-cf > .kt-inside-inner-col:before{opacity:0.3;}.kadence-column2995_4f6b7c-cf{position:relative;}@media all and (max-width: 1024px){.kt-row-column-wrap > .kadence-column2995_4f6b7c-cf{align-self:center;}}@media all and (max-width: 1024px){.kt-inner-column-height-full:not(.kt-has-1-columns) > .wp-block-kadence-column.kadence-column2995_4f6b7c-cf{align-self:auto;}}@media all and (max-width: 1024px){.kt-inner-column-height-full:not(.kt-has-1-columns) > .wp-block-kadence-column.kadence-column2995_4f6b7c-cf > .kt-inside-inner-col{flex-direction:column;justify-content:center;}}@media all and (max-width: 1024px){.kadence-column2995_4f6b7c-cf > .kt-inside-inner-col{flex-direction:column;justify-content:center;}}@media all and (max-width: 767px){.kadence-column2995_4f6b7c-cf > .kt-inside-inner-col{min-height:100px;flex-direction:column;justify-content:center;}.kt-row-column-wrap > .kadence-column2995_4f6b7c-cf{align-self:center;}.kt-inner-column-height-full:not(.kt-has-1-columns) > .wp-block-kadence-column.kadence-column2995_4f6b7c-cf{align-self:auto;}.kt-inner-column-height-full:not(.kt-has-1-columns) > .wp-block-kadence-column.kadence-column2995_4f6b7c-cf > .kt-inside-inner-col{flex-direction:column;justify-content:center;}}<\/style>\n<div class=\"wp-block-kadence-column kadence-column2995_4f6b7c-cf\"><div class=\"kt-inside-inner-col\"><style>.wp-block-kadence-advancedheading.kt-adv-heading2995_1f8e5d-9d, .wp-block-kadence-advancedheading.kt-adv-heading2995_1f8e5d-9d[data-kb-block=\"kb-adv-heading2995_1f8e5d-9d\"]{margin-top:0px;margin-bottom:var(--global-kb-spacing-xs, 1rem);font-size:var(--global-kb-font-size-xl, 3rem);line-height:1.2;font-style:normal;}.wp-block-kadence-advancedheading.kt-adv-heading2995_1f8e5d-9d mark.kt-highlight, .wp-block-kadence-advancedheading.kt-adv-heading2995_1f8e5d-9d[data-kb-block=\"kb-adv-heading2995_1f8e5d-9d\"] mark.kt-highlight{font-style:normal;color:#f76a0c;-webkit-box-decoration-break:clone;box-decoration-break:clone;padding-top:0px;padding-right:0px;padding-bottom:0px;padding-left:0px;}@media all and (max-width: 1024px){.wp-block-kadence-advancedheading.kt-adv-heading2995_1f8e5d-9d, .wp-block-kadence-advancedheading.kt-adv-heading2995_1f8e5d-9d[data-kb-block=\"kb-adv-heading2995_1f8e5d-9d\"]{font-size:var(--global-kb-font-size-xl, 3rem);text-align:left!important;}}@media all and (max-width: 767px){.wp-block-kadence-advancedheading.kt-adv-heading2995_1f8e5d-9d, .wp-block-kadence-advancedheading.kt-adv-heading2995_1f8e5d-9d[data-kb-block=\"kb-adv-heading2995_1f8e5d-9d\"]{font-size:var(--global-kb-font-size-lg, 2rem);}}<\/style>\n<h1 class=\"kt-adv-heading2995_1f8e5d-9d wp-block-kadence-advancedheading has-theme-palette-4-color has-text-color\" data-kb-block=\"kb-adv-heading2995_1f8e5d-9d\">Formations &amp; Expertises<\/h1>\n\n\n\n<div class=\"wp-block-uagb-advanced-heading uagb-block-437f59d2\"><h2 class=\"uagb-heading-text\"><strong>MAAT FORMATION<\/strong> est un organisme de formation continue pour adulte en entreprise et en collectivit\u00e9s territoriales.<br>Expert dans le domaine de la pr\u00e9vention, de la sant\u00e9 et de la s\u00e9curit\u00e9 au travail et des risques psychosociaux (RPS), nous intervenons \u00e9galement sur la Qualit\u00e9 de Vie et les Conditions de Travail (QVCT), l\u2019\u00e9galit\u00e9 professionnelle, le handicap, les ressources humaines\u2026<\/h2><\/div>\n<\/div><\/div>\n<\/div><\/div>\n\n\n<style>.kadence-column2995_bc50f0-2c > .kt-inside-inner-col{min-height:300px;}.kadence-column2995_bc50f0-2c > .kt-inside-inner-col,.kadence-column2995_bc50f0-2c > .kt-inside-inner-col:before{border-top-left-radius:15px;border-top-right-radius:15px;border-bottom-right-radius:15px;border-bottom-left-radius:15px;}.kadence-column2995_bc50f0-2c > .kt-inside-inner-col{column-gap:var(--global-kb-gap-sm, 1rem);}.kadence-column2995_bc50f0-2c > .kt-inside-inner-col{flex-direction:column;}.kadence-column2995_bc50f0-2c > .kt-inside-inner-col > .aligncenter{width:100%;}.kadence-column2995_bc50f0-2c > .kt-inside-inner-col{background-image:url('http:\/\/jgm.ovh\/wp-content\/uploads\/2024\/08\/male-employer-gesticulating-and-explaining-idea-in-light-office-3760089-scaled.jpg');background-size:cover;background-position:2% 28.000000000000004%;background-attachment:scroll;background-repeat:no-repeat;}.kadence-column2995_bc50f0-2c > .kt-inside-inner-col:before{opacity:0.3;}.kadence-column2995_bc50f0-2c{position:relative;}@media all and (max-width: 1024px){.kadence-column2995_bc50f0-2c > .kt-inside-inner-col{flex-direction:column;justify-content:center;}}@media all and (max-width: 767px){.kadence-column2995_bc50f0-2c > .kt-inside-inner-col{flex-direction:column;justify-content:center;}}<\/style>\n<div class=\"wp-block-kadence-column kadence-column2995_bc50f0-2c\"><div class=\"kt-inside-inner-col\"><\/div><\/div>\n\n<\/div><\/div>\n\n\n<div class=\"wp-block-uagb-advanced-heading uagb-block-ea7f6ffd\"><h2 class=\"uagb-heading-text\"><a href=\"https:\/\/catalogue-maat-formation.dendreo.com\/\">Consultez le Catalogue et le Calendrier de formation<\/a><\/h2><\/div>\n\n\n<style>.kb-row-layout-id2995_c889c5-51 > .kt-row-column-wrap{align-content:start;}:where(.kb-row-layout-id2995_c889c5-51 > .kt-row-column-wrap) > .wp-block-kadence-column{justify-content:start;}.kb-row-layout-id2995_c889c5-51 > .kt-row-column-wrap{column-gap:var(--global-kb-gap-md, 2rem);row-gap:var(--global-kb-gap-md, 2rem);padding-top:var(--global-kb-spacing-sm, 1.5rem);padding-bottom:var(--global-kb-spacing-sm, 1.5rem);}.kb-row-layout-id2995_c889c5-51 > .kt-row-column-wrap > div:not(.added-for-specificity){grid-column:initial;}.kb-row-layout-id2995_c889c5-51 > .kt-row-column-wrap{grid-template-columns:repeat(4, minmax(0, 1fr));}.kb-row-layout-id2995_c889c5-51 > .kt-row-layout-overlay{opacity:0.30;}@media all and (max-width: 1024px){.kb-row-layout-id2995_c889c5-51 > .kt-row-column-wrap > div:not(.added-for-specificity){grid-column:initial;}}@media all and (max-width: 1024px){.kb-row-layout-id2995_c889c5-51 > .kt-row-column-wrap{grid-template-columns:repeat(4, minmax(0, 1fr));}}@media all and (max-width: 767px){.kb-row-layout-id2995_c889c5-51 > .kt-row-column-wrap > div:not(.added-for-specificity){grid-column:initial;}.kb-row-layout-id2995_c889c5-51 > .kt-row-column-wrap{grid-template-columns:minmax(0, 1fr);}}<\/style><div class=\"kb-row-layout-wrap kb-row-layout-id2995_c889c5-51 alignnone wp-block-kadence-rowlayout\"><div class=\"kt-row-column-wrap kt-has-4-columns kt-row-layout-equal kt-tab-layout-inherit kt-mobile-layout-row kt-row-valign-top\">\n<style>.kadence-column2995_a2e33c-b9 > .kt-inside-inner-col{display:flex;}.kadence-column2995_a2e33c-b9 > .kt-inside-inner-col,.kadence-column2995_a2e33c-b9 > .kt-inside-inner-col:before{border-top-left-radius:0px;border-top-right-radius:0px;border-bottom-right-radius:0px;border-bottom-left-radius:0px;}.kadence-column2995_a2e33c-b9 > .kt-inside-inner-col{column-gap:var(--global-kb-gap-sm, 1rem);}.kadence-column2995_a2e33c-b9 > .kt-inside-inner-col{flex-direction:column;align-items:center;}.kadence-column2995_a2e33c-b9 > .kt-inside-inner-col > .kb-image-is-ratio-size{align-self:stretch;}.kadence-column2995_a2e33c-b9 > .kt-inside-inner-col > .wp-block-kadence-advancedgallery{align-self:stretch;}.kadence-column2995_a2e33c-b9 > .kt-inside-inner-col > .aligncenter{width:100%;}.kadence-column2995_a2e33c-b9 > .kt-inside-inner-col:before{opacity:0.3;}.kadence-column2995_a2e33c-b9{position:relative;}@media all and (max-width: 1024px){.kadence-column2995_a2e33c-b9 > .kt-inside-inner-col{flex-direction:column;justify-content:center;align-items:center;}}@media all and (max-width: 767px){.kadence-column2995_a2e33c-b9 > .kt-inside-inner-col{flex-direction:column;justify-content:center;align-items:center;}}<\/style>\n<div class=\"wp-block-kadence-column kadence-column2995_a2e33c-b9\"><div class=\"kt-inside-inner-col\">\n<figure class=\"wp-block-image size-medium\"><a href=\"https:\/\/catalogue-maat-formation.dendreo.com\/formation\/23\/ssct-nouveaux-elus-5-jours\"><img loading=\"lazy\" decoding=\"async\" width=\"248\" height=\"300\" src=\"https:\/\/jgm.ovh\/wp-content\/uploads\/2025\/10\/SSCT-Nouveaux-Elus-5-jours-248x300.png\" alt=\"\" class=\"wp-image-4669\" srcset=\"https:\/\/jgm.ovh\/wp-content\/uploads\/2025\/10\/SSCT-Nouveaux-Elus-5-jours-248x300.png 248w, https:\/\/jgm.ovh\/wp-content\/uploads\/2025\/10\/SSCT-Nouveaux-Elus-5-jours.png 443w\" sizes=\"auto, (max-width: 248px) 100vw, 248px\" \/><\/a><\/figure>\n<\/div><\/div>\n\n\n<style>.kadence-column2995_6309c2-f5 > .kt-inside-inner-col,.kadence-column2995_6309c2-f5 > .kt-inside-inner-col:before{border-top-left-radius:0px;border-top-right-radius:0px;border-bottom-right-radius:0px;border-bottom-left-radius:0px;}.kadence-column2995_6309c2-f5 > .kt-inside-inner-col{column-gap:var(--global-kb-gap-sm, 1rem);}.kadence-column2995_6309c2-f5 > .kt-inside-inner-col{flex-direction:column;}.kadence-column2995_6309c2-f5 > .kt-inside-inner-col > .aligncenter{width:100%;}.kadence-column2995_6309c2-f5 > .kt-inside-inner-col:before{opacity:0.3;}.kadence-column2995_6309c2-f5{position:relative;}@media all and (max-width: 1024px){.kadence-column2995_6309c2-f5 > .kt-inside-inner-col{flex-direction:column;justify-content:center;}}@media all and (max-width: 767px){.kadence-column2995_6309c2-f5 > .kt-inside-inner-col{flex-direction:column;justify-content:center;}}<\/style>\n<div class=\"wp-block-kadence-column kadence-column2995_6309c2-f5\"><div class=\"kt-inside-inner-col\">\n<figure class=\"wp-block-image size-full\"><a href=\"https:\/\/catalogue-maat-formation.dendreo.com\/formation\/26\/ssct-cse-renouvellement-3-jours-plus-de-50\"><img decoding=\"async\" src=\"https:\/\/jgm.ovh\/wp-content\/uploads\/2025\/10\/SSCT-CSE-Renouvellement-3-jours-2.bmp\" alt=\"\" class=\"wp-image-4679\"\/><\/a><\/figure>\n<\/div><\/div>\n\n\n<style>.kadence-column2995_ff20d4-fc > .kt-inside-inner-col{display:flex;}.kadence-column2995_ff20d4-fc > .kt-inside-inner-col,.kadence-column2995_ff20d4-fc > .kt-inside-inner-col:before{border-top-left-radius:0px;border-top-right-radius:0px;border-bottom-right-radius:0px;border-bottom-left-radius:0px;}.kadence-column2995_ff20d4-fc > .kt-inside-inner-col{column-gap:var(--global-kb-gap-sm, 1rem);}.kadence-column2995_ff20d4-fc > .kt-inside-inner-col{flex-direction:column;align-items:flex-start;}.kadence-column2995_ff20d4-fc > .kt-inside-inner-col > .kb-image-is-ratio-size{align-self:stretch;}.kadence-column2995_ff20d4-fc > .kt-inside-inner-col > .wp-block-kadence-advancedgallery{align-self:stretch;}.kadence-column2995_ff20d4-fc > .kt-inside-inner-col > .aligncenter{width:100%;}.kadence-column2995_ff20d4-fc > .kt-inside-inner-col:before{opacity:0.3;}.kadence-column2995_ff20d4-fc{position:relative;}@media all and (max-width: 1024px){.kadence-column2995_ff20d4-fc > .kt-inside-inner-col{flex-direction:column;justify-content:center;align-items:flex-start;}}@media all and (max-width: 767px){.kadence-column2995_ff20d4-fc > .kt-inside-inner-col{flex-direction:column;justify-content:center;align-items:flex-start;}}<\/style>\n<div class=\"wp-block-kadence-column kadence-column2995_ff20d4-fc\"><div class=\"kt-inside-inner-col\">\n<figure class=\"wp-block-image size-full\"><img loading=\"lazy\" decoding=\"async\" width=\"503\" height=\"537\" src=\"https:\/\/jgm.ovh\/wp-content\/uploads\/2025\/10\/CSE-Juridique-et-economique-50.bmp\" alt=\"\" class=\"wp-image-4688\" srcset=\"https:\/\/jgm.ovh\/wp-content\/uploads\/2025\/10\/CSE-Juridique-et-economique-50.bmp 503w, https:\/\/jgm.ovh\/wp-content\/uploads\/2025\/10\/CSE-Juridique-et-economique-50-281x300.jpg 281w\" sizes=\"auto, (max-width: 503px) 100vw, 503px\" \/><\/figure>\n<\/div><\/div>\n\n\n<style>.kadence-column2995_9adddb-51 > .kt-inside-inner-col,.kadence-column2995_9adddb-51 > .kt-inside-inner-col:before{border-top-left-radius:0px;border-top-right-radius:0px;border-bottom-right-radius:0px;border-bottom-left-radius:0px;}.kadence-column2995_9adddb-51 > .kt-inside-inner-col{column-gap:var(--global-kb-gap-sm, 1rem);}.kadence-column2995_9adddb-51 > .kt-inside-inner-col{flex-direction:column;}.kadence-column2995_9adddb-51 > .kt-inside-inner-col > .aligncenter{width:100%;}.kadence-column2995_9adddb-51 > .kt-inside-inner-col:before{opacity:0.3;}.kadence-column2995_9adddb-51{position:relative;}@media all and (max-width: 1024px){.kadence-column2995_9adddb-51 > .kt-inside-inner-col{flex-direction:column;justify-content:center;}}@media all and (max-width: 767px){.kadence-column2995_9adddb-51 > .kt-inside-inner-col{flex-direction:column;justify-content:center;}}<\/style>\n<div class=\"wp-block-kadence-column kadence-column2995_9adddb-51\"><div class=\"kt-inside-inner-col\">\n<figure class=\"wp-block-image size-medium\"><img decoding=\"async\" src=\"https:\/\/jgm.ovh\/wp-content\/uploads\/2025\/10\/SSCT-CSE-Renouvellement-3-jours-263x300.png\" alt=\"\" class=\"wp-image-4673\"\/><\/figure>\n<\/div><\/div>\n\n<\/div><\/div>\n\n\n<p><\/p>\n","protected":false},"excerpt":{"rendered":"<p>Formations &amp; Expertises MAAT FORMATION est un organisme de formation continue pour adulte en entreprise et en collectivit\u00e9s territoriales.Expert dans le domaine de la pr\u00e9vention, de la sant\u00e9 et de la s\u00e9curit\u00e9 au travail et des risques psychosociaux (RPS), nous intervenons \u00e9galement sur la Qualit\u00e9 de Vie et les Conditions de Travail (QVCT), l\u2019\u00e9galit\u00e9 professionnelle,&#8230;<\/p>\n","protected":false},"author":1,"featured_media":0,"parent":0,"menu_order":0,"comment_status":"closed","ping_status":"closed","template":"","meta":{"_uag_custom_page_level_css":"","_themeisle_gutenberg_block_has_review":false,"_kadence_starter_templates_imported_post":false,"_kad_post_transparent":"disable","_kad_post_title":"hide","_kad_post_layout":"normal","_kad_post_sidebar_id":"","_kad_post_content_style":"default","_kad_post_vertical_padding":"hide","_kad_post_feature":"hide","_kad_post_feature_position":"","_kad_post_header":false,"_kad_post_footer":false,"footnotes":""},"class_list":["post-2995","page","type-page","status-publish","hentry"],"uagb_featured_image_src":{"full":false,"thumbnail":false,"medium":false,"medium_large":false,"large":false,"1536x1536":false,"2048x2048":false},"uagb_author_info":{"display_name":"admin8477","author_link":"https:\/\/jgm.ovh\/index.php\/author\/admin8477\/"},"uagb_comment_info":0,"uagb_excerpt":"Formations &amp; Expertises MAAT FORMATION est un organisme de formation continue pour adulte en entreprise et en collectivit\u00e9s territoriales.Expert dans le domaine de la pr\u00e9vention, de la sant\u00e9 et de la s\u00e9curit\u00e9 au travail et des risques psychosociaux (RPS), nous intervenons \u00e9galement sur la Qualit\u00e9 de Vie et les Conditions de Travail (QVCT), l\u2019\u00e9galit\u00e9 professionnelle,...","_links":{"self":[{"href":"https:\/\/jgm.ovh\/index.php\/wp-json\/wp\/v2\/pages\/2995","targetHints":{"allow":["GET"]}}],"collection":[{"href":"https:\/\/jgm.ovh\/index.php\/wp-json\/wp\/v2\/pages"}],"about":[{"href":"https:\/\/jgm.ovh\/index.php\/wp-json\/wp\/v2\/types\/page"}],"author":[{"embeddable":true,"href":"https:\/\/jgm.ovh\/index.php\/wp-json\/wp\/v2\/users\/1"}],"replies":[{"embeddable":true,"href":"https:\/\/jgm.ovh\/index.php\/wp-json\/wp\/v2\/comments?post=2995"}],"version-history":[{"count":140,"href":"https:\/\/jgm.ovh\/index.php\/wp-json\/wp\/v2\/pages\/2995\/revisions"}],"predecessor-version":[{"id":4716,"href":"https:\/\/jgm.ovh\/index.php\/wp-json\/wp\/v2\/pages\/2995\/revisions\/4716"}],"wp:attachment":[{"href":"https:\/\/jgm.ovh\/index.php\/wp-json\/wp\/v2\/media?parent=2995"}],"curies":[{"name":"wp","href":"https:\/\/api.w.org\/{rel}","templated":true}]}}