{"id":3372,"date":"2024-08-20T11:55:01","date_gmt":"2024-08-20T09:55:01","guid":{"rendered":"https:\/\/jgm.ovh\/?page_id=3372"},"modified":"2025-06-30T17:30:56","modified_gmt":"2025-06-30T15:30:56","slug":"diagnostic","status":"publish","type":"page","link":"https:\/\/jgm.ovh\/index.php\/diagnostic\/","title":{"rendered":"Team building"},"content":{"rendered":"<style>.kb-row-layout-id3372_44ddcc-96 > .kt-row-column-wrap{align-content:start;}:where(.kb-row-layout-id3372_44ddcc-96 > .kt-row-column-wrap) > .wp-block-kadence-column{justify-content:start;}.kb-row-layout-id3372_44ddcc-96 > .kt-row-column-wrap{column-gap:var(--global-kb-gap-md, 2rem);row-gap:var(--global-kb-gap-none, 0rem );max-width:1009px;margin-left:auto;margin-right:auto;padding-top:0px;padding-right:0px;padding-bottom:24px;padding-left:0px;grid-template-columns:minmax(0, 1fr);}.kb-row-layout-id3372_44ddcc-96 > .kt-row-layout-overlay{opacity:0.30;}@media all and (max-width: 1024px){.kb-row-layout-id3372_44ddcc-96 > .kt-row-column-wrap{max-width:700px;margin-left:auto;margin-right:auto;padding-top:70px;padding-right:0px;padding-bottom:70px;padding-left:0px;grid-template-columns:minmax(0, 1fr);}}@media all and (max-width: 767px){.kb-row-layout-wrap.wp-block-kadence-rowlayout.kb-row-layout-id3372_44ddcc-96{margin-top:80px;}.kb-row-layout-id3372_44ddcc-96 > .kt-row-column-wrap{padding-top:0px;padding-right:15px;padding-bottom:70px;padding-left:15px;grid-template-columns:minmax(0, 1fr);}}<\/style><div class=\"kb-row-layout-wrap kb-row-layout-id3372_44ddcc-96 alignfull has-theme-palette9-background-color kt-row-has-bg wp-block-kadence-rowlayout\"><div class=\"kt-row-column-wrap kt-has-1-columns kt-row-layout-equal kt-tab-layout-inherit kt-mobile-layout-row kt-row-valign-top\">\n<style>.kadence-column3372_2b10bf-04 > .kt-inside-inner-col{padding-top:10px;padding-right:10px;padding-bottom:10px;padding-left:10px;}.kadence-column3372_2b10bf-04 > .kt-inside-inner-col,.kadence-column3372_2b10bf-04 > .kt-inside-inner-col:before{border-top-left-radius:0px;border-top-right-radius:0px;border-bottom-right-radius:0px;border-bottom-left-radius:0px;}.kadence-column3372_2b10bf-04 > .kt-inside-inner-col{column-gap:var(--global-kb-gap-sm, 1rem);}.kadence-column3372_2b10bf-04 > .kt-inside-inner-col{flex-direction:column;}.kadence-column3372_2b10bf-04 > .kt-inside-inner-col > .aligncenter{width:100%;}.kadence-column3372_2b10bf-04 > .kt-inside-inner-col{background-color:var(--global-palette9, #ffffff);}.kadence-column3372_2b10bf-04 > .kt-inside-inner-col:before{opacity:0.3;}.kadence-column3372_2b10bf-04{position:relative;}@media all and (max-width: 1024px){.kadence-column3372_2b10bf-04 > .kt-inside-inner-col{flex-direction:column;justify-content:center;}}@media all and (max-width: 767px){.kadence-column3372_2b10bf-04 > .kt-inside-inner-col{flex-direction:column;justify-content:center;}}<\/style>\n<div class=\"wp-block-kadence-column kadence-column3372_2b10bf-04 inner-column-1\"><div class=\"kt-inside-inner-col\"><style>.kb-row-layout-id3372_b5009e-a7 > .kt-row-column-wrap{align-content:start;}:where(.kb-row-layout-id3372_b5009e-a7 > .kt-row-column-wrap) > .wp-block-kadence-column{justify-content:start;}.kb-row-layout-id3372_b5009e-a7 > .kt-row-column-wrap{column-gap:var(--global-kb-gap-md, 2rem);row-gap:var(--global-kb-gap-md, 2rem);max-width:600px;margin-left:auto;margin-right:auto;padding-top:0px;padding-right:0px;padding-bottom:0px;padding-left:0px;grid-template-columns:minmax(0, 1fr);}.kb-row-layout-id3372_b5009e-a7{background-image:url('https:\/\/jgm.ovh\/wp-content\/uploads\/2024\/09\/maat-flo-scaled.jpg');background-size:cover;background-position:43% 26%;background-attachment:scroll;background-repeat:no-repeat;}.kb-row-layout-id3372_b5009e-a7 > .kt-row-layout-overlay{opacity:0.72;}@media all and (max-width: 1024px){.kb-row-layout-id3372_b5009e-a7 > .kt-row-column-wrap{grid-template-columns:minmax(0, 1fr);}}@media all and (max-width: 767px){.kb-row-layout-id3372_b5009e-a7 > .kt-row-column-wrap{grid-template-columns:minmax(0, 1fr);}}<\/style><div class=\"kb-row-layout-wrap kb-row-layout-id3372_b5009e-a7 alignnone has-theme-palette9-background-color kt-row-has-bg wp-block-kadence-rowlayout\" id=\"Renouvellement\"><div class=\"kt-row-column-wrap kt-has-1-columns kt-row-layout-equal kt-tab-layout-inherit kt-mobile-layout-row kt-row-valign-top\">\n<style>.kadence-column3372_f3d096-0b > .kt-inside-inner-col{display:flex;}.kadence-column3372_f3d096-0b > .kt-inside-inner-col{padding-top:0px;padding-right:0px;padding-bottom:0px;padding-left:0px;}.kadence-column3372_f3d096-0b > .kt-inside-inner-col,.kadence-column3372_f3d096-0b > .kt-inside-inner-col:before{border-top-left-radius:0px;border-top-right-radius:0px;border-bottom-right-radius:0px;border-bottom-left-radius:0px;}.kadence-column3372_f3d096-0b > .kt-inside-inner-col{column-gap:var(--global-kb-gap-sm, 1rem);}.kadence-column3372_f3d096-0b > .kt-inside-inner-col{flex-direction:column;justify-content:flex-start;align-items:center;}.kadence-column3372_f3d096-0b > .kt-inside-inner-col > .kb-image-is-ratio-size{align-self:stretch;}.kadence-column3372_f3d096-0b > .kt-inside-inner-col > .wp-block-kadence-advancedgallery{align-self:stretch;}.kadence-column3372_f3d096-0b > .kt-inside-inner-col > .aligncenter{width:100%;}.kt-row-column-wrap > .kadence-column3372_f3d096-0b{align-self:flex-start;}.kt-inner-column-height-full:not(.kt-has-1-columns) > .wp-block-kadence-column.kadence-column3372_f3d096-0b{align-self:auto;}.kt-inner-column-height-full:not(.kt-has-1-columns) > .wp-block-kadence-column.kadence-column3372_f3d096-0b > .kt-inside-inner-col{flex-direction:column;justify-content:flex-start;}.kadence-column3372_f3d096-0b > .kt-inside-inner-col:before{opacity:0.3;}.kadence-column3372_f3d096-0b{position:relative;}@media all and (max-width: 1024px){.kt-row-column-wrap > .kadence-column3372_f3d096-0b{align-self:flex-start;}}@media all and (max-width: 1024px){.kt-inner-column-height-full:not(.kt-has-1-columns) > .wp-block-kadence-column.kadence-column3372_f3d096-0b{align-self:auto;}}@media all and (max-width: 1024px){.kt-inner-column-height-full:not(.kt-has-1-columns) > .wp-block-kadence-column.kadence-column3372_f3d096-0b > .kt-inside-inner-col{flex-direction:column;justify-content:flex-start;}}@media all and (max-width: 1024px){.kadence-column3372_f3d096-0b > .kt-inside-inner-col{flex-direction:column;justify-content:flex-start;align-items:center;}}@media all and (max-width: 767px){.kt-row-column-wrap > .kadence-column3372_f3d096-0b{align-self:flex-start;}.kt-inner-column-height-full:not(.kt-has-1-columns) > .wp-block-kadence-column.kadence-column3372_f3d096-0b{align-self:auto;}.kt-inner-column-height-full:not(.kt-has-1-columns) > .wp-block-kadence-column.kadence-column3372_f3d096-0b > .kt-inside-inner-col{flex-direction:column;justify-content:flex-start;}.kadence-column3372_f3d096-0b > .kt-inside-inner-col{flex-direction:column;justify-content:flex-start;align-items:center;}}<\/style>\n<div class=\"wp-block-kadence-column kadence-column3372_f3d096-0b kb-section-dir-vertical inner-column-1\"><div class=\"kt-inside-inner-col\"><style>.wp-block-kadence-advancedheading.kt-adv-heading3372_d29519-9e, .wp-block-kadence-advancedheading.kt-adv-heading3372_d29519-9e[data-kb-block=\"kb-adv-heading3372_d29519-9e\"]{max-width:972px;margin-right:auto;margin-left:auto;margin-top:0px;margin-right:0px;margin-bottom:38.5px;margin-left:0px;text-align:center;line-height:30px;font-style:normal;}.wp-block-kadence-advancedheading.kt-adv-heading3372_d29519-9e mark.kt-highlight, .wp-block-kadence-advancedheading.kt-adv-heading3372_d29519-9e[data-kb-block=\"kb-adv-heading3372_d29519-9e\"] mark.kt-highlight{font-style:normal;color:#f76a0c;-webkit-box-decoration-break:clone;box-decoration-break:clone;padding-top:0px;padding-right:0px;padding-bottom:0px;padding-left:0px;}<\/style>\n<h1 class=\"kt-adv-heading3372_d29519-9e wp-block-kadence-advancedheading has-theme-palette-9-color has-text-color\" data-kb-block=\"kb-adv-heading3372_d29519-9e\">   <br>Team building<\/h1>\n<\/div><\/div>\n\n<\/div><\/div>\n\n<style>.kb-row-layout-id3372_baf7be-7f > .kt-row-column-wrap{align-content:start;}:where(.kb-row-layout-id3372_baf7be-7f > .kt-row-column-wrap) > .wp-block-kadence-column{justify-content:start;}.kb-row-layout-id3372_baf7be-7f > .kt-row-column-wrap{column-gap:0px;row-gap:var(--global-kb-gap-none, 0rem );max-width:1140px;margin-left:auto;margin-right:auto;padding-top:0px;padding-right:0px;padding-bottom:0px;padding-left:0px;grid-template-columns:repeat(2, minmax(0, 1fr));}.kb-row-layout-id3372_baf7be-7f > .kt-row-layout-overlay{opacity:0.85;}@media all and (max-width: 1024px){.kb-row-layout-id3372_baf7be-7f > .kt-row-column-wrap{grid-template-columns:repeat(2, minmax(0, 1fr));}}@media all and (max-width: 767px){.kb-row-layout-id3372_baf7be-7f > .kt-row-column-wrap{grid-template-columns:minmax(0, 1fr);}}<\/style><div class=\"kb-row-layout-wrap kb-row-layout-id3372_baf7be-7f alignnone wp-block-kadence-rowlayout\"><div class=\"kt-row-column-wrap kt-has-2-columns kt-row-layout-equal kt-tab-layout-inherit kt-mobile-layout-row kt-row-valign-top\">\n<style>.kadence-column3372_109207-09 > .kt-inside-inner-col{display:flex;}.kadence-column3372_109207-09 > .kt-inside-inner-col{padding-top:10px;padding-right:10px;padding-bottom:10px;padding-left:10px;}.kadence-column3372_109207-09 > .kt-inside-inner-col,.kadence-column3372_109207-09 > .kt-inside-inner-col:before{border-top-left-radius:0px;border-top-right-radius:0px;border-bottom-right-radius:0px;border-bottom-left-radius:0px;}.kadence-column3372_109207-09 > .kt-inside-inner-col{row-gap:var(--global-kb-gap-none, 0rem );column-gap:var(--global-kb-gap-sm, 1rem);}.kadence-column3372_109207-09 > .kt-inside-inner-col{flex-direction:column;align-items:flex-start;}.kadence-column3372_109207-09 > .kt-inside-inner-col > .kb-image-is-ratio-size{align-self:stretch;}.kadence-column3372_109207-09 > .kt-inside-inner-col > .wp-block-kadence-advancedgallery{align-self:stretch;}.kadence-column3372_109207-09 > .kt-inside-inner-col > .aligncenter{width:100%;}.kadence-column3372_109207-09 > .kt-inside-inner-col{background-color:var(--global-palette9, #ffffff);}.kadence-column3372_109207-09 > .kt-inside-inner-col:before{opacity:1;mix-blend-mode:normal;}.kadence-column3372_109207-09{text-align:left;}.kadence-column3372_109207-09{position:relative;}.kadence-column3372_109207-09, .kt-inside-inner-col > .kadence-column3372_109207-09:not(.specificity){margin-top:0px;margin-right:100px;margin-bottom:0px;margin-left:0px;}@media all and (max-width: 1024px){.kadence-column3372_109207-09 > .kt-inside-inner-col{flex-direction:column;justify-content:center;align-items:flex-start;}}@media all and (max-width: 1024px){.kadence-column3372_109207-09, .kt-inside-inner-col > .kadence-column3372_109207-09:not(.specificity){margin-top:0px;margin-right:0px;margin-bottom:0px;margin-left:0px;}}@media all and (max-width: 767px){.kadence-column3372_109207-09 > .kt-inside-inner-col{flex-direction:column;justify-content:center;align-items:flex-start;}}<\/style>\n<div class=\"wp-block-kadence-column kadence-column3372_109207-09 kb-section-dir-vertical inner-column-1\"><div class=\"kt-inside-inner-col\">\n<div class=\"wp-block-uagb-info-box uagb-block-bf999acb uagb-infobox__content-wrap  uagb-infobox-icon-left-title uagb-infobox-left uagb-infobox-image-valign-top wp-block-uagb-info-box--has-margin\"><div class=\"uagb-infobox-margin-wrapper\"><div class=\"uagb-ifb-content\"><div class=\"uagb-ifb-left-title-image\"><div class=\"uagb-ifb-icon-wrap\"><svg xmlns=\"https:\/\/www.w3.org\/2000\/svg\" viewBox=\"0 0 512 512\"><path d=\"M0 256C0 114.6 114.6 0 256 0C397.4 0 512 114.6 512 256C512 397.4 397.4 512 256 512C114.6 512 0 397.4 0 256zM371.8 211.8C382.7 200.9 382.7 183.1 371.8 172.2C360.9 161.3 343.1 161.3 332.2 172.2L224 280.4L179.8 236.2C168.9 225.3 151.1 225.3 140.2 236.2C129.3 247.1 129.3 264.9 140.2 275.8L204.2 339.8C215.1 350.7 232.9 350.7 243.8 339.8L371.8 211.8z\"><\/path><\/svg><\/div><div class=\"uagb-ifb-title-wrap\"><h3 class=\"uagb-ifb-title\">Offrez \u00e0 vos \u00e9quipes une exp\u00e9rience enrichissante, ludique et profond\u00e9ment humaine, con\u00e7ue pour renforcer les liens, stimuler le bien-\u00eatre mental et pr\u00e9venir les risques psychosociaux.                       <\/h3><\/div><\/div><div class=\"uagb-ifb-separator\"><\/div><\/div><\/div><\/div>\n\n\n\n<ul class=\"wp-block-list\">\n<li><strong>Activit\u00e9 physique<\/strong> adapt\u00e9e pour rel\u00e2cher les tensions et favoriser l\u2019\u00e9nergiecollective<\/li>\n\n\n\n<li><strong>Jeux de coh\u00e9sion<\/strong> con\u00e7us pour nourrir la confiance, la communication et l\u2019esprit d\u2019\u00e9quipe<\/li>\n\n\n\n<li><strong>Cr\u00e9ation de fresques collaboratives<\/strong>, pour faire \u00e9merger l\u2019intelligence collective et les \u00e9motions<\/li>\n\n\n\n<li><strong>Anim\u00e9e par deux professionnels<\/strong> form\u00e9s \u00e0 la sant\u00e9 mentale et \u00e0 ladynamique de groupe. Une parenth\u00e8se essentielle pour prendre soin despersonnes qui font vivre l\u2019entreprise.<\/li>\n<\/ul>\n\n\n\n<p><strong>Chaque atelier est personnalisable selon vos besoins.<\/strong><\/p>\n\n\n\n<ul class=\"wp-block-list\">\n<li><strong>Favoriser un bon climat de travail<\/strong>&nbsp;: Encourager la communication et la collaboration.<\/li>\n\n\n\n<li><strong>\u00c9valuer les risques<\/strong>&nbsp;: Identifier les sources de stress et de violence.<\/li>\n\n\n\n<li><strong>Mettre en place des mesures de pr\u00e9vention<\/strong>&nbsp;: Am\u00e9liorer les conditions de travail, offrir du soutien psychologique.<\/li>\n<\/ul>\n<\/div><\/div>\n\n\n<style>.kadence-column3372_509231-1b > .kt-inside-inner-col{padding-top:10px;padding-right:10px;padding-bottom:10px;padding-left:10px;}.kadence-column3372_509231-1b > .kt-inside-inner-col{border-top:10px solid transparent;border-right:10px solid transparent;border-bottom:10px solid transparent;border-left:10px solid transparent;}.kadence-column3372_509231-1b > .kt-inside-inner-col,.kadence-column3372_509231-1b > .kt-inside-inner-col:before{border-top-left-radius:10px;border-top-right-radius:10px;border-bottom-right-radius:10px;border-bottom-left-radius:10px;}.kadence-column3372_509231-1b > .kt-inside-inner-col{column-gap:var(--global-kb-gap-sm, 1rem);}.kadence-column3372_509231-1b > .kt-inside-inner-col{flex-direction:column;}.kadence-column3372_509231-1b > .kt-inside-inner-col > .aligncenter{width:100%;}.kadence-column3372_509231-1b > .kt-inside-inner-col{background-color:var(--global-palette9, #ffffff);}.kadence-column3372_509231-1b > .kt-inside-inner-col:before{opacity:0.69;background-color:var(--global-palette9, #ffffff);}.kadence-column3372_509231-1b{position:relative;}@media all and (max-width: 1024px){.kadence-column3372_509231-1b > .kt-inside-inner-col{border-top:10px solid transparent;border-right:10px solid transparent;border-bottom:10px solid transparent;border-left:10px solid transparent;flex-direction:column;justify-content:center;}}@media all and (max-width: 1024px){.kadence-column3372_509231-1b, .kt-inside-inner-col > .kadence-column3372_509231-1b:not(.specificity){margin-top:20px;margin-right:0px;margin-bottom:0px;margin-left:0px;}}@media all and (max-width: 767px){.kadence-column3372_509231-1b > .kt-inside-inner-col{border-top:10px solid transparent;border-right:10px solid transparent;border-bottom:10px solid transparent;border-left:10px solid transparent;flex-direction:column;justify-content:center;}}<\/style>\n<div class=\"wp-block-kadence-column kadence-column3372_509231-1b kb-section-has-overlay inner-column-2\"><div class=\"kt-inside-inner-col\">\n<div class=\"wp-block-uagb-info-box uagb-block-ee6496d5 uagb-infobox__content-wrap  uagb-infobox-icon-left-title uagb-infobox-left uagb-infobox-image-valign-top wp-block-uagb-info-box--has-margin\"><div class=\"uagb-infobox-margin-wrapper\"><div class=\"uagb-ifb-content\"><div class=\"uagb-ifb-left-title-image\"><div class=\"uagb-ifb-title-wrap\"><h3 class=\"uagb-ifb-title\">Une journ\u00e9e forte, incarn\u00e9e par des intervenants experts, pour impulser une dynamique nouvelle au sein de vos \u00e9quipes. <\/h3><\/div><\/div><p class=\"uagb-ifb-desc\">Pour les dirigeants, les Managers, les RH ou l\u2019ensemble du personnel, <strong>investir dans l\u2019humain pour performer durablemen<\/strong>t :<\/p><\/div><\/div><\/div>\n\n\n\n<ul class=\"wp-block-list\">\n<li>Pr\u00e9venir l\u2019absent\u00e9isme et les RPS<\/li>\n\n\n\n<li>Soutenir l\u2019engagement et le sentiment d\u2019appartenance<\/li>\n\n\n\n<li>F\u00e9d\u00e9rer autour d\u2019une vision commune<\/li>\n\n\n\n<li>Poser les bases d\u2019un climat social apais\u00e9<\/li>\n\n\n\n<li>Renforcer la r\u00e9silience collective<\/li>\n\n\n\n<li>Diminuer les signaux faibles de mal-\u00eatre<\/li>\n\n\n\n<li>Valoriser votre politique QVT<\/li>\n\n\n\n<li>Offrir un temps d\u2019expression et d\u2019\u00e9coute dans un cadre s\u00e9curisant<\/li>\n\n\n\n<li>Activit\u00e9s physiques et ludiques pour rel\u00e2cher les tensions<\/li>\n\n\n\n<li>Jeux de coop\u00e9ration pour r\u00e9enchanter les relations au travail<\/li>\n\n\n\n<li>Cr\u00e9ation de fresques collaboratives pour aligner sens et action<\/li>\n<\/ul>\n\n\n\n<div class=\"wp-block-uagb-info-box uagb-block-339ccf1f uagb-infobox__content-wrap  uagb-infobox-icon-left-title uagb-infobox-left uagb-infobox-image-valign-top\"><div class=\"uagb-ifb-content\"><div class=\"uagb-ifb-left-title-image\"><div class=\"uagb-ifb-icon-wrap\"><svg xmlns=\"https:\/\/www.w3.org\/2000\/svg\" viewBox=\"0 0 640 512\"><path d=\"M184 88C184 118.9 158.9 144 128 144C97.07 144 72 118.9 72 88C72 57.07 97.07 32 128 32C158.9 32 184 57.07 184 88zM208.4 196.3C178.7 222.7 160 261.2 160 304C160 338.3 171.1 369.8 192 394.5V416C192 433.7 177.7 448 160 448H96C78.33 448 64 433.7 64 416V389.2C26.16 371.2 0 332.7 0 288C0 226.1 50.14 176 112 176H144C167.1 176 190.2 183.5 208.4 196.3V196.3zM64 245.7C54.04 256.9 48 271.8 48 288C48 304.2 54.04 319.1 64 330.3V245.7zM448 416V394.5C468 369.8 480 338.3 480 304C480 261.2 461.3 222.7 431.6 196.3C449.8 183.5 472 176 496 176H528C589.9 176 640 226.1 640 288C640 332.7 613.8 371.2 576 389.2V416C576 433.7 561.7 448 544 448H480C462.3 448 448 433.7 448 416zM576 330.3C585.1 319.1 592 304.2 592 288C592 271.8 585.1 256.9 576 245.7V330.3zM568 88C568 118.9 542.9 144 512 144C481.1 144 456 118.9 456 88C456 57.07 481.1 32 512 32C542.9 32 568 57.07 568 88zM256 96C256 60.65 284.7 32 320 32C355.3 32 384 60.65 384 96C384 131.3 355.3 160 320 160C284.7 160 256 131.3 256 96zM448 304C448 348.7 421.8 387.2 384 405.2V448C384 465.7 369.7 480 352 480H288C270.3 480 256 465.7 256 448V405.2C218.2 387.2 192 348.7 192 304C192 242.1 242.1 192 304 192H336C397.9 192 448 242.1 448 304zM256 346.3V261.7C246 272.9 240 287.8 240 304C240 320.2 246 335.1 256 346.3zM384 261.7V346.3C393.1 335 400 320.2 400 304C400 287.8 393.1 272.9 384 261.7z\"><\/path><\/svg><\/div><div class=\"uagb-ifb-title-wrap\"><h3 class=\"uagb-ifb-title\"><strong>Participants<\/strong> <strong>Min 3 Max 12<\/strong> <\/h3><\/div><\/div><\/div><\/div>\n\n\n\n<div class=\"wp-block-uagb-info-box uagb-block-bb47ef8e uagb-infobox__content-wrap  uagb-infobox-icon-left-title uagb-infobox-left uagb-infobox-image-valign-top\"><div class=\"uagb-ifb-content\"><div class=\"uagb-ifb-left-title-image\"><div class=\"uagb-ifb-icon-wrap\"><svg xmlns=\"https:\/\/www.w3.org\/2000\/svg\" viewBox=\"0 0 512 512\"><path d=\"M0 256C0 114.6 114.6 0 256 0C397.4 0 512 114.6 512 256C512 397.4 397.4 512 256 512C114.6 512 0 397.4 0 256zM371.8 211.8C382.7 200.9 382.7 183.1 371.8 172.2C360.9 161.3 343.1 161.3 332.2 172.2L224 280.4L179.8 236.2C168.9 225.3 151.1 225.3 140.2 236.2C129.3 247.1 129.3 264.9 140.2 275.8L204.2 339.8C215.1 350.7 232.9 350.7 243.8 339.8L371.8 211.8z\"><\/path><\/svg><\/div><div class=\"uagb-ifb-title-wrap\"><h3 class=\"uagb-ifb-title\"><strong>Aucun pr\u00e9requis<\/strong><\/h3><\/div><\/div><\/div><\/div>\n\n\n\n<div class=\"wp-block-uagb-info-box uagb-block-e34b6663 uagb-infobox__content-wrap  uagb-infobox-icon-left-title uagb-infobox-left uagb-infobox-image-valign-top\"><div class=\"uagb-ifb-content\"><div class=\"uagb-ifb-left-title-image\"><div class=\"uagb-ifb-icon-wrap\"><svg xmlns=\"https:\/\/www.w3.org\/2000\/svg\" viewBox=\"0 0 384 512\"><path d=\"M352 0C369.7 0 384 14.33 384 32C384 49.67 369.7 64 352 64V74.98C352 117.4 335.1 158.1 305.1 188.1L237.3 256L305.1 323.9C335.1 353.9 352 394.6 352 437V448C369.7 448 384 462.3 384 480C384 497.7 369.7 512 352 512H32C14.33 512 0 497.7 0 480C0 462.3 14.33 448 32 448V437C32 394.6 48.86 353.9 78.86 323.9L146.7 256L78.86 188.1C48.86 158.1 32 117.4 32 74.98V64C14.33 64 0 49.67 0 32C0 14.33 14.33 0 32 0H352zM111.1 128H272C282.4 112.4 288 93.98 288 74.98V64H96V74.98C96 93.98 101.6 112.4 111.1 128zM111.1 384H272C268.5 378.7 264.5 373.7 259.9 369.1L192 301.3L124.1 369.1C119.5 373.7 115.5 378.7 111.1 384V384z\"><\/path><\/svg><\/div><div class=\"uagb-ifb-title-wrap\"><span class=\"uagb-ifb-title-prefix\"><strong>Dur\u00e9e 7h<\/strong><\/span><\/div><\/div><\/div><\/div>\n\n\n\n<div class=\"wp-block-uagb-info-box uagb-block-ee52d270 uagb-infobox__content-wrap  uagb-infobox-icon-left-title uagb-infobox-left uagb-infobox-image-valign-top\"><div class=\"uagb-ifb-content\"><div class=\"uagb-ifb-left-title-image\"><div class=\"uagb-ifb-icon-wrap\"><svg xmlns=\"https:\/\/www.w3.org\/2000\/svg\" viewBox=\"0 0 384 512\"><path d=\"M64 240C46.33 240 32 225.7 32 208C32 190.3 46.33 176 64 176H92.29C121.9 92.11 201.1 32 296 32H320C337.7 32 352 46.33 352 64C352 81.67 337.7 96 320 96H296C238.1 96 187.8 128.4 162.1 176H288C305.7 176 320 190.3 320 208C320 225.7 305.7 240 288 240H144.2C144.1 242.6 144 245.3 144 248V264C144 266.7 144.1 269.4 144.2 272H288C305.7 272 320 286.3 320 304C320 321.7 305.7 336 288 336H162.1C187.8 383.6 238.1 416 296 416H320C337.7 416 352 430.3 352 448C352 465.7 337.7 480 320 480H296C201.1 480 121.9 419.9 92.29 336H64C46.33 336 32 321.7 32 304C32 286.3 46.33 272 64 272H80.15C80.05 269.3 80 266.7 80 264V248C80 245.3 80.05 242.7 80.15 240H64z\"><\/path><\/svg><\/div><div class=\"uagb-ifb-title-wrap\"><h3 class=\"uagb-ifb-title\"><strong>Tarif 2 200\u20ac<br><\/strong><\/h3><\/div><\/div><\/div><\/div>\n<\/div><\/div>\n\n<\/div><\/div><\/div><\/div>\n\n<\/div><\/div>\n\n\n<p><\/p>\n","protected":false},"excerpt":{"rendered":"<p>Team building Chaque atelier est personnalisable selon vos besoins.<\/p>\n","protected":false},"author":1,"featured_media":0,"parent":0,"menu_order":0,"comment_status":"closed","ping_status":"closed","template":"","meta":{"_uag_custom_page_level_css":"","_themeisle_gutenberg_block_has_review":false,"_kadence_starter_templates_imported_post":false,"_kad_post_transparent":"","_kad_post_title":"","_kad_post_layout":"","_kad_post_sidebar_id":"","_kad_post_content_style":"","_kad_post_vertical_padding":"","_kad_post_feature":"","_kad_post_feature_position":"","_kad_post_header":false,"_kad_post_footer":false,"footnotes":""},"class_list":["post-3372","page","type-page","status-publish","hentry"],"uagb_featured_image_src":{"full":false,"thumbnail":false,"medium":false,"medium_large":false,"large":false,"1536x1536":false,"2048x2048":false},"uagb_author_info":{"display_name":"admin8477","author_link":"https:\/\/jgm.ovh\/index.php\/author\/admin8477\/"},"uagb_comment_info":0,"uagb_excerpt":"Team building Chaque atelier est personnalisable selon vos besoins.","_links":{"self":[{"href":"https:\/\/jgm.ovh\/index.php\/wp-json\/wp\/v2\/pages\/3372","targetHints":{"allow":["GET"]}}],"collection":[{"href":"https:\/\/jgm.ovh\/index.php\/wp-json\/wp\/v2\/pages"}],"about":[{"href":"https:\/\/jgm.ovh\/index.php\/wp-json\/wp\/v2\/types\/page"}],"author":[{"embeddable":true,"href":"https:\/\/jgm.ovh\/index.php\/wp-json\/wp\/v2\/users\/1"}],"replies":[{"embeddable":true,"href":"https:\/\/jgm.ovh\/index.php\/wp-json\/wp\/v2\/comments?post=3372"}],"version-history":[{"count":4,"href":"https:\/\/jgm.ovh\/index.php\/wp-json\/wp\/v2\/pages\/3372\/revisions"}],"predecessor-version":[{"id":4283,"href":"https:\/\/jgm.ovh\/index.php\/wp-json\/wp\/v2\/pages\/3372\/revisions\/4283"}],"wp:attachment":[{"href":"https:\/\/jgm.ovh\/index.php\/wp-json\/wp\/v2\/media?parent=3372"}],"curies":[{"name":"wp","href":"https:\/\/api.w.org\/{rel}","templated":true}]}}