{"id":3452,"date":"2024-08-21T14:54:18","date_gmt":"2024-08-21T12:54:18","guid":{"rendered":"https:\/\/jgm.ovh\/?page_id=3452"},"modified":"2025-07-04T17:22:59","modified_gmt":"2025-07-04T15:22:59","slug":"mentions-legales","status":"publish","type":"page","link":"https:\/\/jgm.ovh\/index.php\/mentions-legales\/","title":{"rendered":"Mentions l\u00e9gales"},"content":{"rendered":"<style>.kb-row-layout-id3452_a2c5c0-f2 > .kt-row-column-wrap{align-content:start;}:where(.kb-row-layout-id3452_a2c5c0-f2 > .kt-row-column-wrap) > .wp-block-kadence-column{justify-content:start;}.kb-row-layout-id3452_a2c5c0-f2 > .kt-row-column-wrap{column-gap:var(--global-kb-gap-md, 2rem);row-gap:var(--global-kb-gap-md, 2rem);max-width:var( --global-content-width, 1290px );padding-left:var(--global-content-edge-padding);padding-right:var(--global-content-edge-padding);padding-top:var(--global-kb-spacing-sm, 1.5rem);padding-bottom:var(--global-kb-spacing-sm, 1.5rem);}.kb-row-layout-id3452_a2c5c0-f2 > .kt-row-column-wrap > div:not(.added-for-specificity){grid-column:initial;}.kb-row-layout-id3452_a2c5c0-f2 > .kt-row-column-wrap{grid-template-columns:minmax(0, 1fr) minmax(0, 2fr) minmax(0, 1fr);}.kb-row-layout-id3452_a2c5c0-f2 > .kt-row-layout-overlay{opacity:0.30;}@media all and (max-width: 1024px){.kb-row-layout-id3452_a2c5c0-f2 > .kt-row-column-wrap > div:not(.added-for-specificity){grid-column:initial;}}@media all and (max-width: 1024px){.kb-row-layout-id3452_a2c5c0-f2 > .kt-row-column-wrap{grid-template-columns:minmax(0, 1fr) minmax(0, 2fr) minmax(0, 1fr);}}@media all and (max-width: 767px){.kb-row-layout-id3452_a2c5c0-f2 > .kt-row-column-wrap > div:not(.added-for-specificity){grid-column:initial;}.kb-row-layout-id3452_a2c5c0-f2 > .kt-row-column-wrap{grid-template-columns:minmax(0, 1fr);}}<\/style><div class=\"kb-row-layout-wrap kb-row-layout-id3452_a2c5c0-f2 alignnone wp-block-kadence-rowlayout\"><div class=\"kt-row-column-wrap kt-has-3-columns kt-row-layout-center-half kt-tab-layout-inherit kt-mobile-layout-row kt-row-valign-top kb-theme-content-width\">\n<style>.kadence-column3452_27780d-d5 > .kt-inside-inner-col,.kadence-column3452_27780d-d5 > .kt-inside-inner-col:before{border-top-left-radius:0px;border-top-right-radius:0px;border-bottom-right-radius:0px;border-bottom-left-radius:0px;}.kadence-column3452_27780d-d5 > .kt-inside-inner-col{column-gap:var(--global-kb-gap-sm, 1rem);}.kadence-column3452_27780d-d5 > .kt-inside-inner-col{flex-direction:column;}.kadence-column3452_27780d-d5 > .kt-inside-inner-col > .aligncenter{width:100%;}.kadence-column3452_27780d-d5 > .kt-inside-inner-col:before{opacity:0.3;}.kadence-column3452_27780d-d5{position:relative;}@media all and (max-width: 1024px){.kadence-column3452_27780d-d5 > .kt-inside-inner-col{flex-direction:column;justify-content:center;}}@media all and (max-width: 767px){.kadence-column3452_27780d-d5 > .kt-inside-inner-col{flex-direction:column;justify-content:center;}}<\/style>\n<div class=\"wp-block-kadence-column kadence-column3452_27780d-d5\"><div class=\"kt-inside-inner-col\"><\/div><\/div>\n\n\n<style>.kadence-column3452_003b43-e3 > .kt-inside-inner-col,.kadence-column3452_003b43-e3 > .kt-inside-inner-col:before{border-top-left-radius:0px;border-top-right-radius:0px;border-bottom-right-radius:0px;border-bottom-left-radius:0px;}.kadence-column3452_003b43-e3 > .kt-inside-inner-col{column-gap:var(--global-kb-gap-sm, 1rem);}.kadence-column3452_003b43-e3 > .kt-inside-inner-col{flex-direction:column;}.kadence-column3452_003b43-e3 > .kt-inside-inner-col > .aligncenter{width:100%;}.kadence-column3452_003b43-e3 > .kt-inside-inner-col:before{opacity:0.3;}.kadence-column3452_003b43-e3{position:relative;}@media all and (max-width: 1024px){.kadence-column3452_003b43-e3 > .kt-inside-inner-col{flex-direction:column;justify-content:center;}}@media all and (max-width: 767px){.kadence-column3452_003b43-e3 > .kt-inside-inner-col{flex-direction:column;justify-content:center;}}<\/style>\n<div class=\"wp-block-kadence-column kadence-column3452_003b43-e3\"><div class=\"kt-inside-inner-col\">\n<p style=\"font-size:29px\"><\/p>\n\n\n\n<p style=\"font-size:29px\"><strong>Mentions l\u00e9gales<\/strong><\/p>\n\n\n\n<p>Ce Site Web est la propri\u00e9t\u00e9 de la Soci\u00e9t\u00e9&nbsp;MAAT FORMATION, d\u00e9claration d&rsquo;activit\u00e9 enregistr\u00e9e sous le num\u00e9ro 57220223072 aupr\u00e8s du pr\u00e9fet de r\u00e9gion des PAYS DE LA LOIRE.<\/p>\n\n\n\n<p>Agr\u00e9ment CSE formation \u00e9conomique et formation s\u00e9curit\u00e9 en cours aupr\u00e8s de la DREETS<\/p>\n\n\n\n<p>Cr\u00e9ation site internet : MAAT FORMATION<br>H\u00e9bergeur : OVH<\/p>\n\n\n\n<p>MAAT FORMATION s\u2019engage \u00e0 prendre toutes pr\u00e9cautions utiles afin de prot\u00e9ger les donn\u00e9es \u00e0 caract\u00e8re personnel trait\u00e9es par ses services, et notamment d\u2019emp\u00eacher qu\u2019elles ne soient d\u00e9form\u00e9es, endommag\u00e9es ou communiqu\u00e9es \u00e0 des tiers non autoris\u00e9s. Nous rappelons que le contenu de ce Site Web peut \u00eatre modifi\u00e9 ou mis \u00e0 jour sans pr\u00e9avis et ne correspond en aucun cas a un engagement contractuel.<\/p>\n\n\n\n<p>\u00a9 MAAT FORMATION<\/p>\n\n\n\n<p>13 rue Paul MARCHAL 72000 LE MANS<\/p>\n\n\n\n<p>Immatriculation au RCS, num\u00e9ro 984 916 437 R.C.S. Le Mans<br>Capital social 2 000,00 Euros<\/p>\n\n\n\n<p><em><br><\/em><strong>Tous droits r\u00e9serv\u00e9s \u2013 Reproduction partielle ou int\u00e9grale interdite sans autorisation \u00e9crite<\/strong><\/p>\n<\/div><\/div>\n\n\n<style>.kadence-column3452_8d6743-a9 > .kt-inside-inner-col,.kadence-column3452_8d6743-a9 > .kt-inside-inner-col:before{border-top-left-radius:0px;border-top-right-radius:0px;border-bottom-right-radius:0px;border-bottom-left-radius:0px;}.kadence-column3452_8d6743-a9 > .kt-inside-inner-col{column-gap:var(--global-kb-gap-sm, 1rem);}.kadence-column3452_8d6743-a9 > .kt-inside-inner-col{flex-direction:column;}.kadence-column3452_8d6743-a9 > .kt-inside-inner-col > .aligncenter{width:100%;}.kadence-column3452_8d6743-a9 > .kt-inside-inner-col:before{opacity:0.3;}.kadence-column3452_8d6743-a9{position:relative;}@media all and (max-width: 1024px){.kadence-column3452_8d6743-a9 > .kt-inside-inner-col{flex-direction:column;justify-content:center;}}@media all and (max-width: 767px){.kadence-column3452_8d6743-a9 > .kt-inside-inner-col{flex-direction:column;justify-content:center;}}<\/style>\n<div class=\"wp-block-kadence-column kadence-column3452_8d6743-a9\"><div class=\"kt-inside-inner-col\"><\/div><\/div>\n\n<\/div><\/div>\n\n\n<p><\/p>\n","protected":false},"excerpt":{"rendered":"<p>Mentions l\u00e9gales Ce Site Web est la propri\u00e9t\u00e9 de la Soci\u00e9t\u00e9&nbsp;MAAT FORMATION, d\u00e9claration d&rsquo;activit\u00e9 enregistr\u00e9e sous le num\u00e9ro 57220223072 aupr\u00e8s du pr\u00e9fet de r\u00e9gion des PAYS DE LA LOIRE. Agr\u00e9ment CSE formation \u00e9conomique et formation s\u00e9curit\u00e9 en cours aupr\u00e8s de la DREETS Cr\u00e9ation site internet : MAAT FORMATIONH\u00e9bergeur : OVH MAAT FORMATION s\u2019engage \u00e0 prendre&#8230;<\/p>\n","protected":false},"author":1,"featured_media":0,"parent":0,"menu_order":0,"comment_status":"closed","ping_status":"closed","template":"","meta":{"_uag_custom_page_level_css":"","_themeisle_gutenberg_block_has_review":false,"_kadence_starter_templates_imported_post":false,"_kad_post_transparent":"enable","_kad_post_title":"hide","_kad_post_layout":"","_kad_post_sidebar_id":"","_kad_post_content_style":"","_kad_post_vertical_padding":"","_kad_post_feature":"","_kad_post_feature_position":"","_kad_post_header":false,"_kad_post_footer":false,"footnotes":""},"class_list":["post-3452","page","type-page","status-publish","hentry"],"uagb_featured_image_src":{"full":false,"thumbnail":false,"medium":false,"medium_large":false,"large":false,"1536x1536":false,"2048x2048":false},"uagb_author_info":{"display_name":"admin8477","author_link":"https:\/\/jgm.ovh\/index.php\/author\/admin8477\/"},"uagb_comment_info":0,"uagb_excerpt":"Mentions l\u00e9gales Ce Site Web est la propri\u00e9t\u00e9 de la Soci\u00e9t\u00e9&nbsp;MAAT FORMATION, d\u00e9claration d&rsquo;activit\u00e9 enregistr\u00e9e sous le num\u00e9ro 57220223072 aupr\u00e8s du pr\u00e9fet de r\u00e9gion des PAYS DE LA LOIRE. Agr\u00e9ment CSE formation \u00e9conomique et formation s\u00e9curit\u00e9 en cours aupr\u00e8s de la DREETS Cr\u00e9ation site internet : MAAT FORMATIONH\u00e9bergeur : OVH MAAT FORMATION s\u2019engage \u00e0 prendre...","_links":{"self":[{"href":"https:\/\/jgm.ovh\/index.php\/wp-json\/wp\/v2\/pages\/3452","targetHints":{"allow":["GET"]}}],"collection":[{"href":"https:\/\/jgm.ovh\/index.php\/wp-json\/wp\/v2\/pages"}],"about":[{"href":"https:\/\/jgm.ovh\/index.php\/wp-json\/wp\/v2\/types\/page"}],"author":[{"embeddable":true,"href":"https:\/\/jgm.ovh\/index.php\/wp-json\/wp\/v2\/users\/1"}],"replies":[{"embeddable":true,"href":"https:\/\/jgm.ovh\/index.php\/wp-json\/wp\/v2\/comments?post=3452"}],"version-history":[{"count":4,"href":"https:\/\/jgm.ovh\/index.php\/wp-json\/wp\/v2\/pages\/3452\/revisions"}],"predecessor-version":[{"id":4359,"href":"https:\/\/jgm.ovh\/index.php\/wp-json\/wp\/v2\/pages\/3452\/revisions\/4359"}],"wp:attachment":[{"href":"https:\/\/jgm.ovh\/index.php\/wp-json\/wp\/v2\/media?parent=3452"}],"curies":[{"name":"wp","href":"https:\/\/api.w.org\/{rel}","templated":true}]}}